{"id":11670,"date":"2016-08-12T11:41:32","date_gmt":"2016-08-12T11:41:32","guid":{"rendered":"http:\/\/stamperiamazzetti.it\/azienda\/"},"modified":"2025-02-03T15:44:21","modified_gmt":"2025-02-03T14:44:21","slug":"unternehmen","status":"publish","type":"page","link":"http:\/\/stamperiamazzetti.it\/de\/unternehmen\/","title":{"rendered":"UNTERNEHMEN"},"content":{"rendered":"<div class=\"wpb-content-wrapper\"><p>[vc_row content_width=&#8220;grid&#8220; css=&#8220;.vc_custom_1478188065519{padding-top: 100px !important;padding-bottom: 96px !important;}&#8220;][vc_column offset=&#8220;vc_col-lg-6 vc_col-md-12&#8243;]<div class=\"mkd-elements-holder mkd-responsive-mode-768\" ><div class=\"mkd-elements-holder-item mkd-width-1-1 mkd-horizontal-alignment-left\" data-item-class=\"mkd-elements-holder-custom-938187\" data-1024-1280=\"1% 0\" data-768-1024=\"6% 0 2%\" data-600-768=\"1% 0 3%\" data-480-600=\"6% 0 3%\" data-480=\"0% 0 4%\" >\n\t<div class=\"mkd-elements-holder-item-inner\">\n\t\t<div class=\"mkd-elements-holder-item-content mkd-elements-holder-custom-938187\" style=\"padding: 0%\">\n            \t\t\t    [vc_single_image image=&#8220;11282&#8243; img_size=&#8220;full&#8220;]            \t\t<\/div>\n\t<\/div>\n<\/div><\/div>[\/vc_column][vc_column offset=&#8220;vc_col-lg-6 vc_col-md-12&#8243;]<div class=\"mkd-elements-holder mkd-responsive-mode-768\" ><div class=\"mkd-elements-holder-item mkd-width-1-1 mkd-horizontal-alignment-left\" data-item-class=\"mkd-elements-holder-custom-792316\" data-1280-1440=\"4% 9% 0 0\" data-1024-1280=\"0% 2% 0% 0\" data-768-1024=\"0% 2%0% 0\" data-600-768=\"0% 0% 7% 0\" data-480-600=\"0% 0% 26% 0\" data-480=\"0% 0% 15% 0\" >\n\t<div class=\"mkd-elements-holder-item-inner\">\n\t\t<div class=\"mkd-elements-holder-item-content mkd-elements-holder-custom-792316\" style=\"padding: 4% 9% 0 0\">\n            \t\t\t    [vc_column_text]<\/p>\n<h2><span style=\"font-weight: bold;\">STAMPERIA MAZZETTI<\/span><\/h2>\n<p>[\/vc_column_text][vc_empty_space height=&#8220;22px&#8220;]<div class=\"mkd-section-subtitle-holder\" >\n\t<p  class=\"mkd-section-subtitle\">Eine langj\u00e4hrige Erfahrung, die sich im Laufe der Zeit dank einer gr\u00fcndlichen Kenntnis der Stahlverarbeitungstechniken konsolidiert hat.<\/p>\n<\/div>[vc_empty_space height=&#8220;11px&#8220;][vc_column_text]Unser Unternehmen blickt auf eine lange Geschichte im Bereich der Warmumformung von Stahl zur\u00fcck. Seit 1962 stellen wir Teile unterschiedlicher Qualit\u00e4t und Gr\u00f6\u00dfe her, um den zahlreichen Anforderungen des Marktes gerecht zu werden. Unsere drei Produktionslinien sind in unserem 9000 Quadratmeter gro\u00dfen Werk mit 5000 Quadratmetern \u00fcberdachter Fl\u00e4che organisiert und konzipiert. Im Laufe der Jahre haben wir uns stets bem\u00fcht, unsere Produktionsprozesse und unser Qualit\u00e4tsmanagementsystem zu verfeinern und zu verbessern, mit dem Ziel, die Zertifizierung durch TUV ITALIA SRL zu erhalten.[\/vc_column_text][vc_empty_space height=&#8220;36px&#8220;]<a href=\"\/de\/produktion\/\"\n   target=\"_self\" style=\"background-color: #dd660e;border-color: #dd660e\" class=\"mkd-btn mkd-btn-solid mkd-btn-medium mkd-btn-custom-hover-bg mkd-btn-custom-border-hover mkd-btn-hover-solid\" data-hover-bg-color=\"#ef700e\" data-hover-border-color=\"#ef700e\" >\n\t<span class=\"mkd-btn-text\">ENTDECKEN SIE UNSERE PRODUKTIONSLINIE<\/span>\n\t\n\t\n\t<\/a>            \t\t<\/div>\n\t<\/div>\n<\/div><\/div>[\/vc_column][\/vc_row][vc_row css=&#8220;.vc_custom_1479305335817{padding-top: 14px !important;}&#8220;][vc_column]<a href=\"#\"\n   target=\"_self\" style=\"color: #ffffff;background-color: #dd660e;border-color: #dd660e\" class=\"mkd-btn mkd-btn-solid mkd-btn-huge-full-width mkd-btn-custom-hover-bg mkd-btn-custom-border-hover mkd-btn-custom-hover-color popmake-11723 mkd-btn-hover-solid\" data-hover-bg-color=\"#e5880d\" data-hover-color=\"#ffffff\" data-hover-border-color=\"#e5880d\" >\n\t<span class=\"mkd-btn-text\">EIN INDIVIDUELLES ANGEBOT F\u00dcR IHR UNTERNEHMEN ANFORDERN<\/span>\n\t\n\t\n\t<\/a>[\/vc_column][\/vc_row]<\/p>\n<\/div>","protected":false},"excerpt":{"rendered":"<p>[vc_row content_width=&#8220;grid&#8220; css=&#8220;.vc_custom_1478188065519{padding-top: 100px !important;padding-bottom: 96px !important;}&#8220;][vc_column offset=&#8220;vc_col-lg-6 vc_col-md-12&#8243;][\/vc_column][vc_column offset=&#8220;vc_col-lg-6 vc_col-md-12&#8243;][\/vc_column][\/vc_row][vc_row css=&#8220;.vc_custom_1479305335817{padding-top: 14px !important;}&#8220;][vc_column][\/vc_column][\/vc_row]<\/p>\n","protected":false},"author":1,"featured_media":0,"parent":0,"menu_order":0,"comment_status":"closed","ping_status":"closed","template":"full-width.php","meta":{"footnotes":""},"class_list":["post-11670","page","type-page","status-publish","hentry"],"yoast_head":"<!-- This site is optimized with the Yoast SEO plugin v27.2 - https:\/\/yoast.com\/product\/yoast-seo-wordpress\/ -->\n<title>UNTERNEHMEN - Stamperia Mazzetti<\/title>\n<meta name=\"robots\" content=\"index, follow, max-snippet:-1, max-image-preview:large, max-video-preview:-1\" \/>\n<link rel=\"canonical\" href=\"http:\/\/stamperiamazzetti.it\/de\/unternehmen\/\" \/>\n<meta property=\"og:locale\" content=\"de_DE\" \/>\n<meta property=\"og:type\" content=\"article\" \/>\n<meta property=\"og:title\" content=\"UNTERNEHMEN - Stamperia Mazzetti\" \/>\n<meta property=\"og:description\" content=\"[vc_row content_width=&#8220;grid&#8220; css=&#8220;.vc_custom_1478188065519{padding-top: 100px !important;padding-bottom: 96px !important;}&#8220;][vc_column offset=&#8220;vc_col-lg-6 vc_col-md-12&#8243;][\/vc_column][vc_column offset=&#8220;vc_col-lg-6 vc_col-md-12&#8243;][\/vc_column][\/vc_row][vc_row css=&#8220;.vc_custom_1479305335817{padding-top: 14px !important;}&#8220;][vc_column][\/vc_column][\/vc_row]\" \/>\n<meta property=\"og:url\" content=\"http:\/\/stamperiamazzetti.it\/de\/unternehmen\/\" \/>\n<meta property=\"og:site_name\" content=\"Stamperia Mazzetti\" \/>\n<meta property=\"article:modified_time\" content=\"2025-02-03T14:44:21+00:00\" \/>\n<meta name=\"twitter:card\" content=\"summary_large_image\" \/>\n<meta name=\"twitter:label1\" content=\"Gesch\u00e4tzte Lesezeit\" \/>\n\t<meta name=\"twitter:data1\" content=\"2\u00a0Minuten\" \/>\n<script type=\"application\/ld+json\" class=\"yoast-schema-graph\">{\"@context\":\"https:\/\/schema.org\",\"@graph\":[{\"@type\":\"WebPage\",\"@id\":\"http:\/\/stamperiamazzetti.it\/de\/unternehmen\/\",\"url\":\"http:\/\/stamperiamazzetti.it\/de\/unternehmen\/\",\"name\":\"UNTERNEHMEN - Stamperia Mazzetti\",\"isPartOf\":{\"@id\":\"https:\/\/stamperiamazzetti.it\/de\/#website\"},\"datePublished\":\"2016-08-12T11:41:32+00:00\",\"dateModified\":\"2025-02-03T14:44:21+00:00\",\"breadcrumb\":{\"@id\":\"http:\/\/stamperiamazzetti.it\/de\/unternehmen\/#breadcrumb\"},\"inLanguage\":\"de\",\"potentialAction\":[{\"@type\":\"ReadAction\",\"target\":[\"http:\/\/stamperiamazzetti.it\/de\/unternehmen\/\"]}]},{\"@type\":\"BreadcrumbList\",\"@id\":\"http:\/\/stamperiamazzetti.it\/de\/unternehmen\/#breadcrumb\",\"itemListElement\":[{\"@type\":\"ListItem\",\"position\":1,\"name\":\"Home\",\"item\":\"https:\/\/stamperiamazzetti.it\/de\/home\/\"},{\"@type\":\"ListItem\",\"position\":2,\"name\":\"UNTERNEHMEN\"}]},{\"@type\":\"WebSite\",\"@id\":\"https:\/\/stamperiamazzetti.it\/de\/#website\",\"url\":\"https:\/\/stamperiamazzetti.it\/de\/\",\"name\":\"Stamperia Mazzetti\",\"description\":\"Specializzati in stampaggio a caldo dell\u2019acciaio\",\"publisher\":{\"@id\":\"https:\/\/stamperiamazzetti.it\/de\/#organization\"},\"potentialAction\":[{\"@type\":\"SearchAction\",\"target\":{\"@type\":\"EntryPoint\",\"urlTemplate\":\"https:\/\/stamperiamazzetti.it\/de\/?s={search_term_string}\"},\"query-input\":{\"@type\":\"PropertyValueSpecification\",\"valueRequired\":true,\"valueName\":\"search_term_string\"}}],\"inLanguage\":\"de\"},{\"@type\":\"Organization\",\"@id\":\"https:\/\/stamperiamazzetti.it\/de\/#organization\",\"name\":\"Stamperia Mazzetti\",\"url\":\"https:\/\/stamperiamazzetti.it\/de\/\",\"logo\":{\"@type\":\"ImageObject\",\"inLanguage\":\"de\",\"@id\":\"https:\/\/stamperiamazzetti.it\/de\/#\/schema\/logo\/image\/\",\"url\":\"https:\/\/stamperiamazzetti.it\/wp-content\/uploads\/2020\/11\/STAMPERIA-MAZZETTI-2.png\",\"contentUrl\":\"https:\/\/stamperiamazzetti.it\/wp-content\/uploads\/2020\/11\/STAMPERIA-MAZZETTI-2.png\",\"width\":529,\"height\":135,\"caption\":\"Stamperia Mazzetti\"},\"image\":{\"@id\":\"https:\/\/stamperiamazzetti.it\/de\/#\/schema\/logo\/image\/\"}}]}<\/script>\n<!-- \/ Yoast SEO plugin. -->","yoast_head_json":{"title":"UNTERNEHMEN - Stamperia Mazzetti","robots":{"index":"index","follow":"follow","max-snippet":"max-snippet:-1","max-image-preview":"max-image-preview:large","max-video-preview":"max-video-preview:-1"},"canonical":"http:\/\/stamperiamazzetti.it\/de\/unternehmen\/","og_locale":"de_DE","og_type":"article","og_title":"UNTERNEHMEN - Stamperia Mazzetti","og_description":"[vc_row content_width=&#8220;grid&#8220; css=&#8220;.vc_custom_1478188065519{padding-top: 100px !important;padding-bottom: 96px !important;}&#8220;][vc_column offset=&#8220;vc_col-lg-6 vc_col-md-12&#8243;][\/vc_column][vc_column offset=&#8220;vc_col-lg-6 vc_col-md-12&#8243;][\/vc_column][\/vc_row][vc_row css=&#8220;.vc_custom_1479305335817{padding-top: 14px !important;}&#8220;][vc_column][\/vc_column][\/vc_row]","og_url":"http:\/\/stamperiamazzetti.it\/de\/unternehmen\/","og_site_name":"Stamperia Mazzetti","article_modified_time":"2025-02-03T14:44:21+00:00","twitter_card":"summary_large_image","twitter_misc":{"Gesch\u00e4tzte Lesezeit":"2\u00a0Minuten"},"schema":{"@context":"https:\/\/schema.org","@graph":[{"@type":"WebPage","@id":"http:\/\/stamperiamazzetti.it\/de\/unternehmen\/","url":"http:\/\/stamperiamazzetti.it\/de\/unternehmen\/","name":"UNTERNEHMEN - Stamperia Mazzetti","isPartOf":{"@id":"https:\/\/stamperiamazzetti.it\/de\/#website"},"datePublished":"2016-08-12T11:41:32+00:00","dateModified":"2025-02-03T14:44:21+00:00","breadcrumb":{"@id":"http:\/\/stamperiamazzetti.it\/de\/unternehmen\/#breadcrumb"},"inLanguage":"de","potentialAction":[{"@type":"ReadAction","target":["http:\/\/stamperiamazzetti.it\/de\/unternehmen\/"]}]},{"@type":"BreadcrumbList","@id":"http:\/\/stamperiamazzetti.it\/de\/unternehmen\/#breadcrumb","itemListElement":[{"@type":"ListItem","position":1,"name":"Home","item":"https:\/\/stamperiamazzetti.it\/de\/home\/"},{"@type":"ListItem","position":2,"name":"UNTERNEHMEN"}]},{"@type":"WebSite","@id":"https:\/\/stamperiamazzetti.it\/de\/#website","url":"https:\/\/stamperiamazzetti.it\/de\/","name":"Stamperia Mazzetti","description":"Specializzati in stampaggio a caldo dell\u2019acciaio","publisher":{"@id":"https:\/\/stamperiamazzetti.it\/de\/#organization"},"potentialAction":[{"@type":"SearchAction","target":{"@type":"EntryPoint","urlTemplate":"https:\/\/stamperiamazzetti.it\/de\/?s={search_term_string}"},"query-input":{"@type":"PropertyValueSpecification","valueRequired":true,"valueName":"search_term_string"}}],"inLanguage":"de"},{"@type":"Organization","@id":"https:\/\/stamperiamazzetti.it\/de\/#organization","name":"Stamperia Mazzetti","url":"https:\/\/stamperiamazzetti.it\/de\/","logo":{"@type":"ImageObject","inLanguage":"de","@id":"https:\/\/stamperiamazzetti.it\/de\/#\/schema\/logo\/image\/","url":"https:\/\/stamperiamazzetti.it\/wp-content\/uploads\/2020\/11\/STAMPERIA-MAZZETTI-2.png","contentUrl":"https:\/\/stamperiamazzetti.it\/wp-content\/uploads\/2020\/11\/STAMPERIA-MAZZETTI-2.png","width":529,"height":135,"caption":"Stamperia Mazzetti"},"image":{"@id":"https:\/\/stamperiamazzetti.it\/de\/#\/schema\/logo\/image\/"}}]}},"_links":{"self":[{"href":"http:\/\/stamperiamazzetti.it\/de\/wp-json\/wp\/v2\/pages\/11670","targetHints":{"allow":["GET"]}}],"collection":[{"href":"http:\/\/stamperiamazzetti.it\/de\/wp-json\/wp\/v2\/pages"}],"about":[{"href":"http:\/\/stamperiamazzetti.it\/de\/wp-json\/wp\/v2\/types\/page"}],"author":[{"embeddable":true,"href":"http:\/\/stamperiamazzetti.it\/de\/wp-json\/wp\/v2\/users\/1"}],"replies":[{"embeddable":true,"href":"http:\/\/stamperiamazzetti.it\/de\/wp-json\/wp\/v2\/comments?post=11670"}],"version-history":[{"count":6,"href":"http:\/\/stamperiamazzetti.it\/de\/wp-json\/wp\/v2\/pages\/11670\/revisions"}],"predecessor-version":[{"id":11741,"href":"http:\/\/stamperiamazzetti.it\/de\/wp-json\/wp\/v2\/pages\/11670\/revisions\/11741"}],"wp:attachment":[{"href":"http:\/\/stamperiamazzetti.it\/de\/wp-json\/wp\/v2\/media?parent=11670"}],"curies":[{"name":"wp","href":"https:\/\/api.w.org\/{rel}","templated":true}]}}