{"id":11680,"date":"2016-08-01T13:10:50","date_gmt":"2016-08-01T13:10:50","guid":{"rendered":"http:\/\/stamperiamazzetti.it\/home\/"},"modified":"2025-01-31T10:27:18","modified_gmt":"2025-01-31T09:27:18","slug":"home","status":"publish","type":"page","link":"http:\/\/stamperiamazzetti.it\/de\/","title":{"rendered":"Home"},"content":{"rendered":"<div class=\"wpb-content-wrapper\"><p>[vc_row row_type=&#8220;parallax&#8220; content_aligment=&#8220;center&#8220; full_screen_section_height=&#8220;no&#8220; section_height=&#8220;690&#8243; parallax_background_image=&#8220;11186&#8243;][vc_column][\/vc_column][\/vc_row][vc_row content_width=&#8220;grid&#8220; css=&#8220;.vc_custom_1604930327895{margin-top: -580px !important;padding-right: 0px !important;padding-left: 0px !important;}&#8220;][vc_column]<div class=\"mkd-elements-holder mkd-responsive-mode-768\" ><div class=\"mkd-elements-holder-item mkd-width-1-1 mkd-horizontal-alignment-left\" data-item-class=\"mkd-elements-holder-custom-595423\" data-768-1024=\"0% 0 0\" >\n\t<div class=\"mkd-elements-holder-item-inner\">\n\t\t<div class=\"mkd-elements-holder-item-content mkd-elements-holder-custom-595423\" style=\"padding: 0\">\n            \t\t\t    [rev_slider_vc alias=&#8220;builder-home-d&#8220;]            \t\t<\/div>\n\t<\/div>\n<\/div><\/div>[\/vc_column][\/vc_row][vc_row content_width=&#8220;grid&#8220; content_aligment=&#8220;center&#8220; css=&#8220;.vc_custom_1478097383533{padding-top: 97px !important;padding-bottom: 60px !important;}&#8220;][vc_column css=&#8220;.vc_custom_1478096324188{padding-top: 0px !important;padding-bottom: 31px !important;}&#8220; offset=&#8220;vc_col-md-4&#8243;]<div class=\"mkd-elements-holder mkd-responsive-mode-768\" ><div class=\"mkd-elements-holder-item mkd-width-1-1 mkd-horizontal-alignment-left\" data-item-class=\"mkd-elements-holder-custom-410847\" data-480=\"120px 10px 0\" >\n\t<div class=\"mkd-elements-holder-item-inner\">\n\t\t<div class=\"mkd-elements-holder-item-content mkd-elements-holder-custom-410847\" >\n            \t\t\t    <div class=\"mkd-iwt clearfix mkd-iwt-icon-top mkd-iwt-icon-tiny\" style=\"text-align: left\">\n\t<div class=\"mkd-iwt-icon-holder\">\n\t\t\t\t\t<span\n\t\t\t\tclass=\"mkd-iwt-custom-icon\" ><img loading=\"lazy\" decoding=\"async\" width=\"167\" height=\"147\" src=\"http:\/\/stamperiamazzetti.it\/wp-content\/uploads\/2020\/11\/icon-05.png\" class=\"attachment-full size-full\" alt=\"\" \/><\/span>\n\t\t\t<\/div>\n\t<div class=\"mkd-iwt-content-holder\" >\n\t\t\t\t<div class=\"mkd-iwt-title-holder\">\n\t\t\t<h4\t\t\tclass=\"mkd-iwt-title\" style=\"font-weight: 700\"\t\t\t>HOT MOULDING<\/h4>\n\t<\/div>\n\t\t<div class=\"mkd-iwt-text-holder\">\n\t\t<p >Der Zyklus der Warmumformung von Stahl ist ein sehr komplexer Produktionsprozess, der in mehrere Schritte unterteilt ist.<\/p>\n\n\t\t<a href=\"\/de\/produzione\/\"   target=\"_self\" style=\"color: #d1772b\" class=\"mkd-btn mkd-btn-underline mkd-btn-hover-\"  >\t<span class=\"mkd-btn-text\">READ MORE<\/span>\t\t\t<span\t\t\tclass=\"mkd-btn-underline-line\" style=\"background-color:#d1772b\"><\/span>\t\t\t<\/a>\t<\/div>\n<\/div>\n<\/div>            \t\t<\/div>\n\t<\/div>\n<\/div><\/div>[\/vc_column][vc_column css=&#8220;.vc_custom_1478096331995{padding-top: 0px !important;padding-bottom: 31px !important;}&#8220; offset=&#8220;vc_col-md-4&#8243;]<div class=\"mkd-elements-holder mkd-responsive-mode-768\" ><div class=\"mkd-elements-holder-item mkd-width-1-1 mkd-horizontal-alignment-left\" data-item-class=\"mkd-elements-holder-custom-755259\" >\n\t<div class=\"mkd-elements-holder-item-inner\">\n\t\t<div class=\"mkd-elements-holder-item-content mkd-elements-holder-custom-755259\" >\n            \t\t\t    <div class=\"mkd-iwt clearfix mkd-iwt-icon-top mkd-iwt-icon-tiny\" style=\"text-align: left\">\n\t<div class=\"mkd-iwt-icon-holder\">\n\t\t\t\t\t<span\n\t\t\t\tclass=\"mkd-iwt-custom-icon\" ><img loading=\"lazy\" decoding=\"async\" width=\"168\" height=\"147\" src=\"http:\/\/stamperiamazzetti.it\/wp-content\/uploads\/2020\/11\/icon-06.png\" class=\"attachment-full size-full\" alt=\"\" \/><\/span>\n\t\t\t<\/div>\n\t<div class=\"mkd-iwt-content-holder\" >\n\t\t\t\t<div class=\"mkd-iwt-title-holder\">\n\t\t\t<h4\t\t\tclass=\"mkd-iwt-title\" style=\"font-weight: 700\"\t\t\t>WORKSHOPS<\/h4>\n\t<\/div>\n\t\t<div class=\"mkd-iwt-text-holder\">\n\t\t<p >Unsere Produktionslinien erm\u00f6glichen es uns, alle Arten von W\u00e4rmebehandlungen, Sandstrahlen und 100%ige Magnaflux-Tests durchzuf\u00fchren.<\/p>\n\n\t\t<a href=\"\/de\/produzione\/\"   target=\"_self\" style=\"color: #d1772b\" class=\"mkd-btn mkd-btn-underline mkd-btn-hover-\"  >\t<span class=\"mkd-btn-text\">READ MORE<\/span>\t\t\t<span\t\t\tclass=\"mkd-btn-underline-line\" style=\"background-color:#d1772b\"><\/span>\t\t\t<\/a>\t<\/div>\n<\/div>\n<\/div>            \t\t<\/div>\n\t<\/div>\n<\/div><\/div>[\/vc_column][vc_column css=&#8220;.vc_custom_1470231606153{padding-top: 0px !important;padding-bottom: 31px !important;}&#8220; offset=&#8220;vc_col-md-4&#8243;]<div class=\"mkd-elements-holder mkd-responsive-mode-768\" ><div class=\"mkd-elements-holder-item mkd-width-1-1 mkd-horizontal-alignment-left\" data-item-class=\"mkd-elements-holder-custom-327952\" >\n\t<div class=\"mkd-elements-holder-item-inner\">\n\t\t<div class=\"mkd-elements-holder-item-content mkd-elements-holder-custom-327952\" >\n            \t\t\t    <div class=\"mkd-iwt clearfix mkd-iwt-icon-top mkd-iwt-icon-tiny\" style=\"text-align: left\">\n\t<div class=\"mkd-iwt-icon-holder\">\n\t\t\t\t\t<span\n\t\t\t\tclass=\"mkd-iwt-custom-icon\" ><img loading=\"lazy\" decoding=\"async\" width=\"168\" height=\"147\" src=\"http:\/\/stamperiamazzetti.it\/wp-content\/uploads\/2020\/11\/icon-07.png\" class=\"attachment-full size-full\" alt=\"\" \/><\/span>\n\t\t\t<\/div>\n\t<div class=\"mkd-iwt-content-holder\" >\n\t\t\t\t<div class=\"mkd-iwt-title-holder\">\n\t\t\t<h4\t\t\tclass=\"mkd-iwt-title\" style=\"font-weight: 700\"\t\t\t>KONTROLLE UND PR\u00c4ZISION<\/h4>\n\t<\/div>\n\t\t<div class=\"mkd-iwt-text-holder\">\n\t\t<p >Das Unternehmen Stamperia Mazzetti wurde nach ISO 9001:2015 zertifiziert, um das Managementsystem zu verbessern und die Qualit\u00e4t unserer Arbeit zu steigern.<\/p>\n\n\t\t<a href=\"\/de\/produzione\/\"   target=\"_self\" style=\"color: #d1772b\" class=\"mkd-btn mkd-btn-underline mkd-btn-hover-\"  >\t<span class=\"mkd-btn-text\">READ MORE<\/span>\t\t\t<span\t\t\tclass=\"mkd-btn-underline-line\" style=\"background-color:#d1772b\"><\/span>\t\t\t<\/a>\t<\/div>\n<\/div>\n<\/div>            \t\t<\/div>\n\t<\/div>\n<\/div><\/div>[\/vc_column][\/vc_row][vc_row content_width=&#8220;grid&#8220; content_aligment=&#8220;center&#8220; css=&#8220;.vc_custom_1604931546505{padding-top: 20px !important;background-color: #2b2b2b !important;}&#8220;][vc_column]<div class=\"mkd-section-title-holder\">\n\t<h2 class=\"mkd-section-title mkd-section-title-medium mkd-section-title-center\" style=\"color: #ffffff;text-align: center\">\n\t\t<span>\n\t\t\tWIR SIND EIN UNTERNEHMEN, DAS SICH AUF DAS HEISSPR\u00c4GEN VON STAHL SPEZIALISIERT HAT.\t\t<\/span>\n\t<\/h2>\n<\/div>[\/vc_column][\/vc_row][vc_row content_width=&#8220;grid&#8220; css=&#8220;.vc_custom_1604931111930{background-image: url(http:\/\/stamperiamazzetti.it\/wp-content\/uploads\/2016\/08\/h2-background-img-2.jpg?id=8798) !important;}&#8220;][vc_column]<div class=\"mkd-elements-holder mkd-responsive-mode-1024\" ><div class=\"mkd-elements-holder-item mkd-width-1-1 mkd-horizontal-alignment-left\" data-item-class=\"mkd-elements-holder-custom-794266\" data-768-1024=\"100px 0 45px\" data-600-768=\"100px 0 75px\" data-480-600=\"100px 0 10px\" data-480=\"100px 0 10px\" >\n\t<div class=\"mkd-elements-holder-item-inner\">\n\t\t<div class=\"mkd-elements-holder-item-content mkd-elements-holder-custom-794266\" style=\"padding: 100px 0 92px\">\n            \t\t\t    <div class=\"comparison-slider\" data-orientation=\"horizontal\" data-offset=\"50\">\n\t<img loading=\"lazy\" decoding=\"async\" width=\"1200\" height=\"739\" src=\"http:\/\/stamperiamazzetti.it\/wp-content\/uploads\/2020\/11\/fusione-acciaio-1.jpg\" class=\"attachment-full size-full\" alt=\"\" srcset=\"http:\/\/stamperiamazzetti.it\/wp-content\/uploads\/2020\/11\/fusione-acciaio-1.jpg 1200w, http:\/\/stamperiamazzetti.it\/wp-content\/uploads\/2020\/11\/fusione-acciaio-1-300x185.jpg 300w, http:\/\/stamperiamazzetti.it\/wp-content\/uploads\/2020\/11\/fusione-acciaio-1-1024x631.jpg 1024w, http:\/\/stamperiamazzetti.it\/wp-content\/uploads\/2020\/11\/fusione-acciaio-1-768x473.jpg 768w\" sizes=\"auto, (max-width: 1200px) 100vw, 1200px\" \/>\t<img loading=\"lazy\" decoding=\"async\" width=\"1200\" height=\"739\" src=\"http:\/\/stamperiamazzetti.it\/wp-content\/uploads\/2020\/11\/prodotto-finito-1.jpg\" class=\"attachment-full size-full\" alt=\"\" srcset=\"http:\/\/stamperiamazzetti.it\/wp-content\/uploads\/2020\/11\/prodotto-finito-1.jpg 1200w, http:\/\/stamperiamazzetti.it\/wp-content\/uploads\/2020\/11\/prodotto-finito-1-300x185.jpg 300w, http:\/\/stamperiamazzetti.it\/wp-content\/uploads\/2020\/11\/prodotto-finito-1-1024x631.jpg 1024w, http:\/\/stamperiamazzetti.it\/wp-content\/uploads\/2020\/11\/prodotto-finito-1-768x473.jpg 768w\" sizes=\"auto, (max-width: 1200px) 100vw, 1200px\" \/><\/div>[vc_empty_space height=&#8220;18px&#8220;][vc_column_text]<\/p>\n<h3>VOM GUSS BIS ZUM FERTIGEN PRODUKT<\/h3>\n<p>[\/vc_column_text][vc_column_text]Unser Ziel ist es, die Bed\u00fcrfnisse unserer Kunden dank unserer langj\u00e4hrigen Erfahrung in der Herstellung von Schmiedest\u00fccken aus Stahl zu erf\u00fcllen.[\/vc_column_text]            \t\t<\/div>\n\t<\/div>\n<\/div><div class=\"mkd-elements-holder-item mkd-width-1-1 mkd-horizontal-alignment-left\" data-item-class=\"mkd-elements-holder-custom-277069\" data-768-1024=\"35px 0 50px 0\" data-600-768=\"0 0 50px 0\" data-480-600=\"35px 0 40px 0%\" data-480=\"35px 0 40px 0%\" >\n\t<div class=\"mkd-elements-holder-item-inner\">\n\t\t<div class=\"mkd-elements-holder-item-content mkd-elements-holder-custom-277069\" style=\"padding: 35px 0 0 14%\">\n            \t\t\t    <div class=\"mkd-process-holder mkd-process-vertical\">\n\t<div class=\"mkd-process-inner\">\n\t\t<div class=\"mkd-process-item-holder\">\n\t<div class=\"mkd-pi-holder-inner  clearfix\">\n\t\t<div class=\"mkd-pi-holder\">\n\t\t\t\t\t\t\t<div class=\"mkd-pi\">\n\t\t\t\t\t<img loading=\"lazy\" decoding=\"async\" width=\"70\" height=\"71\" src=\"http:\/\/stamperiamazzetti.it\/wp-content\/uploads\/2020\/11\/h5-icon-1.png\" class=\"attachment-full size-full\" alt=\"\" \/>\t\t\t\t<\/div>\n\t\t\t\t\t<\/div>\n\t\t<div class=\"mkd-pi-content-holder\">\n\t\t\t\t\t\t\t<div class=\"mkd-pi-title-holder\">\n\t\t\t\t\t<h4 class=\"mkd-pi-title\">HOHE PLANUNGSFLEXIBILIT\u00c4T<\/h4>\n\t\t\t\t<\/div>\n\t\t\t\n\t\t\t\t\t\t\t<div class=\"mkd-pi-text-holder\">\n\t\t\t\t\t<p>Wir widmen der Logistik und dem internen Prozessmanagement gro\u00dfe Aufmerksamkeit und passen uns den vielf\u00e4ltigen Anforderungen des Marktes an.<\/p>\n\t\t\t\t<\/div>\n\t\t\t\n\t\t\t\t\t<\/div>\n\t<\/div>\n<\/div><div class=\"mkd-process-item-holder\">\n\t<div class=\"mkd-pi-holder-inner  clearfix\">\n\t\t<div class=\"mkd-pi-holder\">\n\t\t\t\t\t\t\t<div class=\"mkd-pi\">\n\t\t\t\t\t<img loading=\"lazy\" decoding=\"async\" width=\"70\" height=\"71\" src=\"http:\/\/stamperiamazzetti.it\/wp-content\/uploads\/2020\/11\/h5-icon-2-1.png\" class=\"attachment-full size-full\" alt=\"\" \/>\t\t\t\t<\/div>\n\t\t\t\t\t<\/div>\n\t\t<div class=\"mkd-pi-content-holder\">\n\t\t\t\t\t\t\t<div class=\"mkd-pi-title-holder\">\n\t\t\t\t\t<h4 class=\"mkd-pi-title\">GROSSER VORRAT AN ROHSTOFFEN<\/h4>\n\t\t\t\t<\/div>\n\t\t\t\n\t\t\t\t\t\t\t<div class=\"mkd-pi-text-holder\">\n\t\t\t\t\t<p>Platzoptimierung und hohe Materialverf\u00fcgbarkeit erm\u00f6glichen uns eine hohe Produktionsleistung.<\/p>\n\t\t\t\t<\/div>\n\t\t\t\n\t\t\t\t\t<\/div>\n\t<\/div>\n<\/div><div class=\"mkd-process-item-holder\">\n\t<div class=\"mkd-pi-holder-inner  clearfix\">\n\t\t<div class=\"mkd-pi-holder\">\n\t\t\t\t\t\t\t<div class=\"mkd-pi\">\n\t\t\t\t\t<img loading=\"lazy\" decoding=\"async\" width=\"70\" height=\"72\" src=\"http:\/\/stamperiamazzetti.it\/wp-content\/uploads\/2020\/11\/h5-icon-3.png\" class=\"attachment-full size-full\" alt=\"\" \/>\t\t\t\t<\/div>\n\t\t\t\t\t<\/div>\n\t\t<div class=\"mkd-pi-content-holder\">\n\t\t\t\t\t\t\t<div class=\"mkd-pi-title-holder\">\n\t\t\t\t\t<h4 class=\"mkd-pi-title\">ENTHALTENE VORLAUFZEIT<\/h4>\n\t\t\t\t<\/div>\n\t\t\t\n\t\t\t\t\t\t\t<div class=\"mkd-pi-text-holder\">\n\t\t\t\t\t<p>Wir sind bestrebt, die Reaktionszeiten von der Auftragserteilung durch den Kunden bis zur tats\u00e4chlichen Auslieferung der Ware zu minimieren.<\/p>\n\t\t\t\t<\/div>\n\t\t\t\n\t\t\t\t\t<\/div>\n\t<\/div>\n<\/div><div class=\"mkd-process-item-holder\">\n\t<div class=\"mkd-pi-holder-inner  clearfix\">\n\t\t<div class=\"mkd-pi-holder\">\n\t\t\t\t\t\t\t<div class=\"mkd-pi\">\n\t\t\t\t\t<img loading=\"lazy\" decoding=\"async\" width=\"70\" height=\"71\" src=\"http:\/\/stamperiamazzetti.it\/wp-content\/uploads\/2020\/11\/h5-icon-4-2.png\" class=\"attachment-full size-full\" alt=\"\" \/>\t\t\t\t<\/div>\n\t\t\t\t\t<\/div>\n\t\t<div class=\"mkd-pi-content-holder\">\n\t\t\t\t\t\t\t<div class=\"mkd-pi-title-holder\">\n\t\t\t\t\t<h4 class=\"mkd-pi-title\">INTERNE WARTUNG<\/h4>\n\t\t\t\t<\/div>\n\t\t\t\n\t\t\t\t\t\t\t<div class=\"mkd-pi-text-holder\">\n\t\t\t\t\t<p>Alle Produktionslinien werden st\u00e4ndig \u00fcberwacht und intern \u00fcberholt, um die Effizienz der Anlagen zu gew\u00e4hrleisten.<\/p>\n\t\t\t\t<\/div>\n\t\t\t\n\t\t\t\t\t<\/div>\n\t<\/div>\n<\/div>\t<\/div>\n<\/div>            \t\t<\/div>\n\t<\/div>\n<\/div><\/div>[\/vc_column][\/vc_row][vc_row][vc_column]<a href=\"#\"\n   target=\"_self\" style=\"color: #ffffff;background-color: #dd660e;border-color: #dd660e\" class=\"mkd-btn mkd-btn-solid mkd-btn-huge-full-width mkd-btn-custom-hover-bg mkd-btn-custom-border-hover mkd-btn-custom-hover-color popmake-11723 mkd-btn-hover-solid\" data-hover-bg-color=\"#d38d2c\" data-hover-color=\"#ffffff\" data-hover-border-color=\"#d38d2c\" >\n\t<span class=\"mkd-btn-text\">EIN ANGEBOT ANFORDERN<\/span>\n\t\n\t\n\t<\/a>[\/vc_column][\/vc_row]<\/p>\n<\/div>","protected":false},"excerpt":{"rendered":"<p>[vc_row row_type=&#8220;parallax&#8220; content_aligment=&#8220;center&#8220; full_screen_section_height=&#8220;no&#8220; section_height=&#8220;690&#8243; parallax_background_image=&#8220;11186&#8243;][vc_column][\/vc_column][\/vc_row][vc_row content_width=&#8220;grid&#8220; css=&#8220;.vc_custom_1604930327895{margin-top: -580px !important;padding-right: 0px !important;padding-left: 0px !important;}&#8220;][vc_column][\/vc_column][\/vc_row][vc_row content_width=&#8220;grid&#8220; content_aligment=&#8220;center&#8220; css=&#8220;.vc_custom_1478097383533{padding-top: 97px !important;padding-bottom: 60px !important;}&#8220;][vc_column css=&#8220;.vc_custom_1478096324188{padding-top: 0px !important;padding-bottom: 31px !important;}&#8220; offset=&#8220;vc_col-md-4&#8243;][\/vc_column][vc_column css=&#8220;.vc_custom_1478096331995{padding-top: 0px !important;padding-bottom: 31px !important;}&#8220; offset=&#8220;vc_col-md-4&#8243;][\/vc_column][vc_column css=&#8220;.vc_custom_1470231606153{padding-top: 0px !important;padding-bottom: 31px !important;}&#8220; offset=&#8220;vc_col-md-4&#8243;][\/vc_column][\/vc_row][vc_row content_width=&#8220;grid&#8220; content_aligment=&#8220;center&#8220; css=&#8220;.vc_custom_1604931546505{padding-top: 20px !important;background-color: #2b2b2b&#8230;<\/p>\n","protected":false},"author":1,"featured_media":0,"parent":0,"menu_order":0,"comment_status":"closed","ping_status":"closed","template":"full-width.php","meta":{"footnotes":""},"class_list":["post-11680","page","type-page","status-publish","hentry"],"yoast_head":"<!-- This site is optimized with the Yoast SEO plugin v27.2 - https:\/\/yoast.com\/product\/yoast-seo-wordpress\/ -->\n<title>Home - Stamperia Mazzetti<\/title>\n<meta name=\"robots\" content=\"index, follow, max-snippet:-1, max-image-preview:large, max-video-preview:-1\" \/>\n<link rel=\"canonical\" href=\"http:\/\/stamperiamazzetti.it\/de\/\" \/>\n<meta property=\"og:locale\" content=\"de_DE\" \/>\n<meta property=\"og:type\" content=\"article\" \/>\n<meta property=\"og:title\" content=\"Home - Stamperia Mazzetti\" \/>\n<meta property=\"og:description\" content=\"[vc_row row_type=&#8220;parallax&#8220; content_aligment=&#8220;center&#8220; full_screen_section_height=&#8220;no&#8220; section_height=&#8220;690&#8243; parallax_background_image=&#8220;11186&#8243;][vc_column][\/vc_column][\/vc_row][vc_row content_width=&#8220;grid&#8220; css=&#8220;.vc_custom_1604930327895{margin-top: -580px !important;padding-right: 0px !important;padding-left: 0px !important;}&#8220;][vc_column][\/vc_column][\/vc_row][vc_row content_width=&#8220;grid&#8220; content_aligment=&#8220;center&#8220; css=&#8220;.vc_custom_1478097383533{padding-top: 97px !important;padding-bottom: 60px !important;}&#8220;][vc_column css=&#8220;.vc_custom_1478096324188{padding-top: 0px !important;padding-bottom: 31px !important;}&#8220; offset=&#8220;vc_col-md-4&#8243;][\/vc_column][vc_column css=&#8220;.vc_custom_1478096331995{padding-top: 0px !important;padding-bottom: 31px !important;}&#8220; offset=&#8220;vc_col-md-4&#8243;][\/vc_column][vc_column css=&#8220;.vc_custom_1470231606153{padding-top: 0px !important;padding-bottom: 31px !important;}&#8220; offset=&#8220;vc_col-md-4&#8243;][\/vc_column][\/vc_row][vc_row content_width=&#8220;grid&#8220; content_aligment=&#8220;center&#8220; css=&#8220;.vc_custom_1604931546505{padding-top: 20px !important;background-color: #2b2b2b...\" \/>\n<meta property=\"og:url\" content=\"http:\/\/stamperiamazzetti.it\/de\/\" \/>\n<meta property=\"og:site_name\" content=\"Stamperia Mazzetti\" \/>\n<meta property=\"article:modified_time\" content=\"2025-01-31T09:27:18+00:00\" \/>\n<meta name=\"twitter:card\" content=\"summary_large_image\" \/>\n<meta name=\"twitter:label1\" content=\"Gesch\u00e4tzte Lesezeit\" \/>\n\t<meta name=\"twitter:data1\" content=\"4\u00a0Minuten\" \/>\n<script type=\"application\/ld+json\" class=\"yoast-schema-graph\">{\"@context\":\"https:\/\/schema.org\",\"@graph\":[{\"@type\":\"WebPage\",\"@id\":\"http:\/\/stamperiamazzetti.it\/de\/\",\"url\":\"http:\/\/stamperiamazzetti.it\/de\/\",\"name\":\"Home - Stamperia Mazzetti\",\"isPartOf\":{\"@id\":\"https:\/\/stamperiamazzetti.it\/de\/#website\"},\"datePublished\":\"2016-08-01T13:10:50+00:00\",\"dateModified\":\"2025-01-31T09:27:18+00:00\",\"breadcrumb\":{\"@id\":\"http:\/\/stamperiamazzetti.it\/de\/#breadcrumb\"},\"inLanguage\":\"de\",\"potentialAction\":[{\"@type\":\"ReadAction\",\"target\":[\"http:\/\/stamperiamazzetti.it\/de\/\"]}]},{\"@type\":\"BreadcrumbList\",\"@id\":\"http:\/\/stamperiamazzetti.it\/de\/#breadcrumb\",\"itemListElement\":[{\"@type\":\"ListItem\",\"position\":1,\"name\":\"Home\",\"item\":\"https:\/\/stamperiamazzetti.it\/de\/home\/\"},{\"@type\":\"ListItem\",\"position\":2,\"name\":\"Home\"}]},{\"@type\":\"WebSite\",\"@id\":\"https:\/\/stamperiamazzetti.it\/de\/#website\",\"url\":\"https:\/\/stamperiamazzetti.it\/de\/\",\"name\":\"Stamperia Mazzetti\",\"description\":\"Specializzati in stampaggio a caldo dell\u2019acciaio\",\"publisher\":{\"@id\":\"https:\/\/stamperiamazzetti.it\/de\/#organization\"},\"potentialAction\":[{\"@type\":\"SearchAction\",\"target\":{\"@type\":\"EntryPoint\",\"urlTemplate\":\"https:\/\/stamperiamazzetti.it\/de\/?s={search_term_string}\"},\"query-input\":{\"@type\":\"PropertyValueSpecification\",\"valueRequired\":true,\"valueName\":\"search_term_string\"}}],\"inLanguage\":\"de\"},{\"@type\":\"Organization\",\"@id\":\"https:\/\/stamperiamazzetti.it\/de\/#organization\",\"name\":\"Stamperia Mazzetti\",\"url\":\"https:\/\/stamperiamazzetti.it\/de\/\",\"logo\":{\"@type\":\"ImageObject\",\"inLanguage\":\"de\",\"@id\":\"https:\/\/stamperiamazzetti.it\/de\/#\/schema\/logo\/image\/\",\"url\":\"https:\/\/stamperiamazzetti.it\/wp-content\/uploads\/2020\/11\/STAMPERIA-MAZZETTI-2.png\",\"contentUrl\":\"https:\/\/stamperiamazzetti.it\/wp-content\/uploads\/2020\/11\/STAMPERIA-MAZZETTI-2.png\",\"width\":529,\"height\":135,\"caption\":\"Stamperia Mazzetti\"},\"image\":{\"@id\":\"https:\/\/stamperiamazzetti.it\/de\/#\/schema\/logo\/image\/\"}}]}<\/script>\n<!-- \/ Yoast SEO plugin. -->","yoast_head_json":{"title":"Home - Stamperia Mazzetti","robots":{"index":"index","follow":"follow","max-snippet":"max-snippet:-1","max-image-preview":"max-image-preview:large","max-video-preview":"max-video-preview:-1"},"canonical":"http:\/\/stamperiamazzetti.it\/de\/","og_locale":"de_DE","og_type":"article","og_title":"Home - Stamperia Mazzetti","og_description":"[vc_row row_type=&#8220;parallax&#8220; content_aligment=&#8220;center&#8220; full_screen_section_height=&#8220;no&#8220; section_height=&#8220;690&#8243; parallax_background_image=&#8220;11186&#8243;][vc_column][\/vc_column][\/vc_row][vc_row content_width=&#8220;grid&#8220; css=&#8220;.vc_custom_1604930327895{margin-top: -580px !important;padding-right: 0px !important;padding-left: 0px !important;}&#8220;][vc_column][\/vc_column][\/vc_row][vc_row content_width=&#8220;grid&#8220; content_aligment=&#8220;center&#8220; css=&#8220;.vc_custom_1478097383533{padding-top: 97px !important;padding-bottom: 60px !important;}&#8220;][vc_column css=&#8220;.vc_custom_1478096324188{padding-top: 0px !important;padding-bottom: 31px !important;}&#8220; offset=&#8220;vc_col-md-4&#8243;][\/vc_column][vc_column css=&#8220;.vc_custom_1478096331995{padding-top: 0px !important;padding-bottom: 31px !important;}&#8220; offset=&#8220;vc_col-md-4&#8243;][\/vc_column][vc_column css=&#8220;.vc_custom_1470231606153{padding-top: 0px !important;padding-bottom: 31px !important;}&#8220; offset=&#8220;vc_col-md-4&#8243;][\/vc_column][\/vc_row][vc_row content_width=&#8220;grid&#8220; content_aligment=&#8220;center&#8220; css=&#8220;.vc_custom_1604931546505{padding-top: 20px !important;background-color: #2b2b2b...","og_url":"http:\/\/stamperiamazzetti.it\/de\/","og_site_name":"Stamperia Mazzetti","article_modified_time":"2025-01-31T09:27:18+00:00","twitter_card":"summary_large_image","twitter_misc":{"Gesch\u00e4tzte Lesezeit":"4\u00a0Minuten"},"schema":{"@context":"https:\/\/schema.org","@graph":[{"@type":"WebPage","@id":"http:\/\/stamperiamazzetti.it\/de\/","url":"http:\/\/stamperiamazzetti.it\/de\/","name":"Home - Stamperia Mazzetti","isPartOf":{"@id":"https:\/\/stamperiamazzetti.it\/de\/#website"},"datePublished":"2016-08-01T13:10:50+00:00","dateModified":"2025-01-31T09:27:18+00:00","breadcrumb":{"@id":"http:\/\/stamperiamazzetti.it\/de\/#breadcrumb"},"inLanguage":"de","potentialAction":[{"@type":"ReadAction","target":["http:\/\/stamperiamazzetti.it\/de\/"]}]},{"@type":"BreadcrumbList","@id":"http:\/\/stamperiamazzetti.it\/de\/#breadcrumb","itemListElement":[{"@type":"ListItem","position":1,"name":"Home","item":"https:\/\/stamperiamazzetti.it\/de\/home\/"},{"@type":"ListItem","position":2,"name":"Home"}]},{"@type":"WebSite","@id":"https:\/\/stamperiamazzetti.it\/de\/#website","url":"https:\/\/stamperiamazzetti.it\/de\/","name":"Stamperia Mazzetti","description":"Specializzati in stampaggio a caldo dell\u2019acciaio","publisher":{"@id":"https:\/\/stamperiamazzetti.it\/de\/#organization"},"potentialAction":[{"@type":"SearchAction","target":{"@type":"EntryPoint","urlTemplate":"https:\/\/stamperiamazzetti.it\/de\/?s={search_term_string}"},"query-input":{"@type":"PropertyValueSpecification","valueRequired":true,"valueName":"search_term_string"}}],"inLanguage":"de"},{"@type":"Organization","@id":"https:\/\/stamperiamazzetti.it\/de\/#organization","name":"Stamperia Mazzetti","url":"https:\/\/stamperiamazzetti.it\/de\/","logo":{"@type":"ImageObject","inLanguage":"de","@id":"https:\/\/stamperiamazzetti.it\/de\/#\/schema\/logo\/image\/","url":"https:\/\/stamperiamazzetti.it\/wp-content\/uploads\/2020\/11\/STAMPERIA-MAZZETTI-2.png","contentUrl":"https:\/\/stamperiamazzetti.it\/wp-content\/uploads\/2020\/11\/STAMPERIA-MAZZETTI-2.png","width":529,"height":135,"caption":"Stamperia Mazzetti"},"image":{"@id":"https:\/\/stamperiamazzetti.it\/de\/#\/schema\/logo\/image\/"}}]}},"_links":{"self":[{"href":"http:\/\/stamperiamazzetti.it\/de\/wp-json\/wp\/v2\/pages\/11680","targetHints":{"allow":["GET"]}}],"collection":[{"href":"http:\/\/stamperiamazzetti.it\/de\/wp-json\/wp\/v2\/pages"}],"about":[{"href":"http:\/\/stamperiamazzetti.it\/de\/wp-json\/wp\/v2\/types\/page"}],"author":[{"embeddable":true,"href":"http:\/\/stamperiamazzetti.it\/de\/wp-json\/wp\/v2\/users\/1"}],"replies":[{"embeddable":true,"href":"http:\/\/stamperiamazzetti.it\/de\/wp-json\/wp\/v2\/comments?post=11680"}],"version-history":[{"count":6,"href":"http:\/\/stamperiamazzetti.it\/de\/wp-json\/wp\/v2\/pages\/11680\/revisions"}],"predecessor-version":[{"id":11739,"href":"http:\/\/stamperiamazzetti.it\/de\/wp-json\/wp\/v2\/pages\/11680\/revisions\/11739"}],"wp:attachment":[{"href":"http:\/\/stamperiamazzetti.it\/de\/wp-json\/wp\/v2\/media?parent=11680"}],"curies":[{"name":"wp","href":"https:\/\/api.w.org\/{rel}","templated":true}]}}