{"id":11697,"date":"2016-11-04T11:45:04","date_gmt":"2016-11-04T11:45:04","guid":{"rendered":"http:\/\/stamperiamazzetti.it\/produzione\/"},"modified":"2025-02-03T15:44:07","modified_gmt":"2025-02-03T14:44:07","slug":"produktion","status":"publish","type":"page","link":"http:\/\/stamperiamazzetti.it\/de\/produktion\/","title":{"rendered":"PRODUKTION"},"content":{"rendered":"<div class=\"wpb-content-wrapper\"><p>[vc_row content_width=&#8220;grid&#8220; css=&#8220;.vc_custom_1478188065519{padding-top: 100px !important;padding-bottom: 96px !important;}&#8220;][vc_column offset=&#8220;vc_col-lg-6 vc_col-md-12&#8243;]<div class=\"mkd-elements-holder mkd-responsive-mode-768\" ><div class=\"mkd-elements-holder-item mkd-width-1-1 mkd-horizontal-alignment-left\" data-item-class=\"mkd-elements-holder-custom-126698\" data-1280-1440=\"4% 9% 0 0\" data-1024-1280=\"0% 2% 0% 0\" data-768-1024=\"0% 2%0% 0\" data-600-768=\"0% 0% 7% 0\" data-480-600=\"0% 0% 26% 0\" data-480=\"0% 0% 15% 0\" >\n\t<div class=\"mkd-elements-holder-item-inner\">\n\t\t<div class=\"mkd-elements-holder-item-content mkd-elements-holder-custom-126698\" style=\"padding: 4% 9% 0 0\">\n            \t\t\t    [vc_column_text]<\/p>\n<h2><span style=\"font-weight: bold;\">PRODUKTIONSPROZESS<\/span><\/h2>\n<p>[\/vc_column_text][vc_empty_space height=&#8220;22px&#8220;]<div class=\"mkd-section-subtitle-holder\" >\n\t<p  class=\"mkd-section-subtitle\">Wir fertigen gestanzte und hei\u00df entgratete Stahlteile<\/p>\n<\/div>[vc_empty_space height=&#8220;11px&#8220;][vc_column_text]Teile mit einem Gewicht zwischen 1 und 70 kg, mit integrierter W\u00e4rmebehandlung jeglicher Art, Sandstrahlen und 100% Magnaflux-Pr\u00fcfung. Eine hohe Planungsflexibilit\u00e4t und ein gro\u00dfes Rohstofflager erm\u00f6glichen es uns, die Vorlaufzeiten f\u00fcr die Produktion von Kleinserien oder Musterchargen gering zu halten. Die Wartung s\u00e4mtlicher Ausr\u00fcstungen erfolgt intern, w\u00e4hrend die Ausf\u00fchrung der Formen an ein externes Unternehmen vergeben wird, das CAD-CAM-Konstruktionssysteme einsetzt und \u00fcber ein Magnetoskop f\u00fcr die CND-Qualit\u00e4tskontrolle der Formen verf\u00fcgt.[\/vc_column_text][vc_empty_space height=&#8220;36px&#8220;]<a href=\"\/de\/kontakt\/\"\n   target=\"_self\" style=\"color: #ffffff;background-color: #d1772b;border-color: #d1772b\" class=\"mkd-btn mkd-btn-solid mkd-btn-medium mkd-btn-custom-hover-bg mkd-btn-custom-border-hover mkd-btn-custom-hover-color mkd-btn-hover-solid\" data-hover-bg-color=\"#d3932c\" data-hover-color=\"#ffffff\" data-hover-border-color=\"#d3932c\" >\n\t<span class=\"mkd-btn-text\">KONTAKT US<\/span>\n\t\n\t\n\t<\/a>            \t\t<\/div>\n\t<\/div>\n<\/div><\/div>[\/vc_column][vc_column offset=&#8220;vc_col-lg-6 vc_col-md-12&#8243;]<div class=\"mkd-elements-holder mkd-responsive-mode-768\" ><div class=\"mkd-elements-holder-item mkd-width-1-1 mkd-horizontal-alignment-left\" data-item-class=\"mkd-elements-holder-custom-831588\" data-1024-1280=\"1% 0\" data-768-1024=\"6% 0 2%\" data-600-768=\"1% 0 3%\" data-480-600=\"6% 0 3%\" data-480=\"0% 0 4%\" >\n\t<div class=\"mkd-elements-holder-item-inner\">\n\t\t<div class=\"mkd-elements-holder-item-content mkd-elements-holder-custom-831588\" style=\"padding: 0%\">\n            \t\t\t    [vc_single_image image=&#8220;11701&#8243; img_size=&#8220;full&#8220;]            \t\t<\/div>\n\t<\/div>\n<\/div><\/div>[\/vc_column][\/vc_row][vc_row content_width=&#8220;grid&#8220; content_aligment=&#8220;center&#8220; css=&#8220;.vc_custom_1478090801663{padding-top: 85px !important;padding-bottom: 67px !important;background-color: #f5f5f5 !important;}&#8220;][vc_column]<div class=\"mkd-section-title-holder\">\n\t<h1 class=\"mkd-section-title mkd-section-title-large mkd-section-title-center\" style=\"text-align: center\">\n\t\t<span>\n\t\t\tUNSERE SEKTOREN\t\t<\/span>\n\t<\/h1>\n<\/div><div class=\"mkd-section-subtitle-holder mkd-section-subtitle-center\" style=\"width: 68%\">\n\t<p style=\"text-align: center\" class=\"mkd-section-subtitle\">Unser Unternehmen produziert Teile f\u00fcr:<br \/>\nLandmaschinen | Erdbewegungsmaschinen | Flansche | Wellen | Zahnr\u00e4der | Kugeln | Teile f\u00fcr die Wind-, Schiffs-, Hydraulik-, Elektro- und petrochemische Industrie<\/p>\n<\/div>[\/vc_column][\/vc_row][vc_row][vc_column][vc_column_text]<style id=\"wp_carousel_dynamic_css11286\">.sp-wp-carousel-free-id-11286.wpcf-fancybox-wrapper .fancybox-bg{background: #0b0b0b;opacity: 0.8;}.sp-wp-carousel-free-id-11286.wpcf-fancybox-wrapper .fancybox-navigation .fancybox-button .wpcp-fancybox-nav-arrow i {color: #ccc;}.sp-wp-carousel-free-id-11286.wpcf-fancybox-wrapper .fancybox-navigation .fancybox-button .wpcp-fancybox-nav-arrow i:hover {color: #fff;}.sp-wp-carousel-free-id-11286.wpcf-fancybox-wrapper .fancybox-navigation .fancybox-button {background: #1e1e1e;}.sp-wp-carousel-free-id-11286.wpcf-fancybox-wrapper .fancybox-navigation .fancybox-button:hover {background: #1e1e1e;}#sp-wp-carousel-free-id-11286 .wpcp-swiper-dots {margin: 40px 0px 0px 0px;}.wpcp-wrapper-11286 .swiper-wrapper .swiper-slide-kenburn, .wpcp-wrapper-11286 .swiper-wrapper, .wpcp-wrapper-11286 .wpcpro-row{align-items: center;}#sp-wp-carousel-free-id-11286 .wpcp-single-item {box-shadow: 0px 0px 0px 0px #dddddd;transition: all .3s;margin: 0px;}#sp-wp-carousel-free-id-11286.swiper-flip .wpcp-single-item{margin: 0!important;}#sp-wp-carousel-free-id-11286 .wpcp-single-item:hover {box-shadow: 0px 0px 0px 0px #dddddd;}#sp-wp-carousel-free-id-11286.sp-wpcp-11286 .wpcp-single-item {border: 0px none #dddddd;}#sp-wp-carousel-free-id-11286.sp-wpcp-11286 .swiper-button-prev,#sp-wp-carousel-free-id-11286.sp-wpcp-11286 .swiper-button-next,#sp-wp-carousel-free-id-11286.sp-wpcp-11286 .swiper-button-prev:hover,#sp-wp-carousel-free-id-11286.sp-wpcp-11286 .swiper-button-next:hover {background: none;border: none;font-size: 30px;}#sp-wp-carousel-free-id-11286.sp-wpcp-11286 .swiper-button-prev i,#sp-wp-carousel-free-id-11286.sp-wpcp-11286 .swiper-button-next i {color: #aaa;}#sp-wp-carousel-free-id-11286.sp-wpcp-11286 .swiper-button-prev i:hover,#sp-wp-carousel-free-id-11286.sp-wpcp-11286 .swiper-button-next i:hover {color: #52b3d9;} #sp-wp-carousel-free-id-11286.sp-wpcp-11286.wpcp-image-carousel .wpcp-single-item:hover img, #sp-wp-carousel-free-id-11286.sp-wpcp-11286.wpcp-post-carousel .wpcp-single-item:hover img, #sp-wp-carousel-free-id-11286.sp-wpcp-11286.wpcp-product-carousel .wpcp-single-item:hover img{-webkit-transform: scale(1.2);-moz-transform: scale(1.2);transform: scale(1.2);}@media screen and (max-width: 479px) {#sp-wp-carousel-free-id-11286.nav-vertical-center {padding: 0;margin:0;}#sp-wp-carousel-free-id-11286.nav-vertical-center .wpcp-next-button,#sp-wp-carousel-free-id-11286.nav-vertical-center .wpcp-prev-button {display: none;}}#sp-wp-carousel-free-id-11286 .wpcpro-row>[class*=\"wpcpro-col-\"] { padding: 0 10px; padding-bottom: 20px;} #sp-wp-carousel-free-id-11286 .swiper-slide .single-item-fade:not(:last-child) { margin-right: 20px;}@media (min-width: 480px) { .wpcpro-row .wpcpro-col-sm-1 { flex: 0 0 100%; max-width: 100%; } .wpcpro-row .wpcpro-col-sm-2 { flex: 0 0 50%; max-width: 50%; } .wpcpro-row .wpcpro-col-sm-2-5 { flex: 0 0 75%; max-width: 75%; } .wpcpro-row .wpcpro-col-sm-3 { flex: 0 0 33.333%; max-width: 33.333%; } .wpcpro-row .wpcpro-col-sm-4 { flex: 0 0 25%; max-width: 25%; } .wpcpro-row .wpcpro-col-sm-5 { flex: 0 0 20%; max-width: 20%; } .wpcpro-row .wpcpro-col-sm-6 { flex: 0 0 16.66666666666667%; max-width: 16.66666666666667%; } .wpcpro-row .wpcpro-col-sm-7 { flex: 0 0 14.28571428%; max-width: 14.28571428%; } .wpcpro-row .wpcpro-col-sm-8 { flex: 0 0 12.5%; max-width: 12.5%; } } @media (max-width: 480px) { .wpcpro-row .wpcpro-col-xs-1 { flex: 0 0 100%; max-width: 100%; } .wpcpro-row .wpcpro-col-xs-2 { flex: 0 0 50%; max-width: 50%; } .wpcpro-row .wpcpro-col-xs-3 { flex: 0 0 33.222%; max-width: 33.222%; } .wpcpro-row .wpcpro-col-xs-4 { flex: 0 0 25%; max-width: 25%; } .wpcpro-row .wpcpro-col-xs-5 { flex: 0 0 20%; max-width: 20%; } .wpcpro-row .wpcpro-col-xs-6 { flex: 0 0 16.6667%; max-width: 16.6667%; } .wpcpro-row .wpcpro-col-xs-7 { flex: 0 0 14.28571428%; max-width: 14.28571428%; } .wpcpro-row .wpcpro-col-xs-8 { flex: 0 0 12.5%; max-width: 12.5%; } } @media (min-width: 736px) { .wpcpro-row .wpcpro-col-md-1 { flex: 0 0 100%; max-width: 100%; } .wpcpro-row .wpcpro-col-md-2 { flex: 0 0 50%; max-width: 50%; } .wpcpro-row .wpcpro-col-md-2-5 { flex: 0 0 75%; max-width: 75%; } .wpcpro-row .wpcpro-col-md-3 { flex: 0 0 33.333%; max-width: 33.333%; } .wpcpro-row .wpcpro-col-md-4 { flex: 0 0 25%; max-width: 25%; } .wpcpro-row .wpcpro-col-md-5 { flex: 0 0 20%; max-width: 20%; } .wpcpro-row .wpcpro-col-md-6 { flex: 0 0 16.66666666666667%; max-width: 16.66666666666667%; } .wpcpro-row .wpcpro-col-md-7 { flex: 0 0 14.28571428%; max-width: 14.28571428%; } .wpcpro-row .wpcpro-col-md-8 { flex: 0 0 12.5%; max-width: 12.5%; } } @media (min-width: 980px) { .wpcpro-row .wpcpro-col-lg-1 { flex: 0 0 100%; max-width: 100%; } .wpcpro-row .wpcpro-col-lg-2 { flex: 0 0 50%; max-width: 50%; } .wpcpro-row .wpcpro-col-lg-3 { flex: 0 0 33.222%; max-width: 33.222%; } .wpcpro-row .wpcpro-col-lg-4 { flex: 0 0 25%; max-width: 25%; } .wpcpro-row .wpcpro-col-lg-5 { flex: 0 0 20%; max-width: 20%; } .wpcpro-row .wpcpro-col-lg-6 { flex: 0 0 16.6667%; max-width: 16.6667%; } .wpcpro-row .wpcpro-col-lg-7 { flex: 0 0 14.28571428%; max-width: 14.28571428%; } .wpcpro-row .wpcpro-col-lg-8 { flex: 0 0 12.5%; max-width: 12.5%; } } @media (min-width: 1200px) { .wpcpro-row .wpcpro-col-xl-1 { flex: 0 0 100%; max-width: 100%; } .wpcpro-row .wpcpro-col-xl-2 { flex: 0 0 50%; max-width: 50%; } .wpcpro-row .wpcpro-col-xl-3 { flex: 0 0 33.22222222%; max-width: 33.22222222%; } .wpcpro-row .wpcpro-col-xl-4 { flex: 0 0 25%; max-width: 25%; } .wpcpro-row .wpcpro-col-xl-5 { flex: 0 0 20%; max-width: 20%; } .wpcpro-row .wpcpro-col-xl-6 { flex: 0 0 16.66667%; max-width: 16.66667%; } .wpcpro-row .wpcpro-col-xl-7 { flex: 0 0 14.28571428%; max-width: 14.28571428%; } .wpcpro-row .wpcpro-col-xl-8 { flex: 0 0 12.5%; max-width: 12.5%; } }.wpcp-carousel-section.slick-initialized .slick-slide { margin-right: 0px;}.wpcp-carousel-section.wpcp-standard.slick-initialized:not(.wpcp-preloader) { display: contents;}<\/style><div class=\"wpcp-carousel-wrapper wpcp-wrapper-11286\">\n\t\t<div class=\"wpcp-carousel-content-wrapper\">\n\t<div id=\"sp-wp-carousel-free-id-11286\" class=\"wpcp-carousel-section sp-wpcp-11286  nav-vertical-center wpcp-image-carousel wpcp-standard\" data-swiper='{ &quot;pagination_type&quot;: &quot;dots&quot;,&quot;accessibility&quot;:true, &quot;spaceBetween&quot;:20, &quot;arrows&quot;:true, &quot;freeMode&quot;: false, &quot;autoplay&quot;:true, &quot;effect&quot;: &quot;slide&quot;, &quot;centerMode&quot;: false, &quot;autoplaySpeed&quot;:4000, &quot;dots&quot;:false, &quot;infinite&quot;:true, &quot;speed&quot;:800, &quot;pauseOnHover&quot;:true,\n\t\t\t&quot;slidesToShow&quot;:{&quot;lg_desktop&quot;:4, &quot;desktop&quot;: 4, &quot;laptop&quot;: 3, &quot;tablet&quot;: 2, &quot;mobile&quot;: 1}, &quot;responsive&quot;:{&quot;desktop&quot;:1200, &quot;laptop&quot;: 980, &quot;tablet&quot;: 736, &quot;mobile&quot;: 480}, &quot;rtl&quot;:false, &quot;lazyLoad&quot;: &quot;false&quot;, &quot;swipe&quot;: true, &quot;draggable&quot;: true, &quot;swipeToSlide&quot;:true }' dir=\"ltr\">\n\t\t<div class=\"swiper-wrapper\">\n\t\t<div class=\"swiper-slide\">\n\t<div class=\"wpcp-single-item\">\n\t\t\t<a class=\"wcp-light-box\" data-buttons='[\"close\"]' data-wpc_url='http:\/\/stamperiamazzetti.it\/wp-content\/uploads\/2020\/11\/1-1-800x600.jpg' href=\"http:\/\/stamperiamazzetti.it\/wp-content\/uploads\/2020\/11\/1-1.jpg\" data-fancybox=\"wpcp_view\">\n\t\t<figure>\n\t\t\t<img loading=\"lazy\" decoding=\"async\" class=\"skip-lazy\" src=\"http:\/\/stamperiamazzetti.it\/wp-content\/uploads\/2020\/11\/1-1-800x600.jpg\" alt=\"1\" width=\"800\" height=\"600\">\t\t<\/figure>\n\t<\/a>\n\t\t<\/div>\n<\/div>\n\t<div class=\"swiper-slide\">\n\t<div class=\"wpcp-single-item\">\n\t\t\t<a class=\"wcp-light-box\" data-buttons='[\"close\"]' data-wpc_url='http:\/\/stamperiamazzetti.it\/wp-content\/uploads\/2020\/11\/3-800x600.jpg' href=\"http:\/\/stamperiamazzetti.it\/wp-content\/uploads\/2020\/11\/3.jpg\" data-fancybox=\"wpcp_view\">\n\t\t<figure>\n\t\t\t<img loading=\"lazy\" decoding=\"async\" class=\"skip-lazy\" src=\"http:\/\/stamperiamazzetti.it\/wp-content\/uploads\/2020\/11\/3-800x600.jpg\" alt=\"3\" width=\"800\" height=\"600\">\t\t<\/figure>\n\t<\/a>\n\t\t<\/div>\n<\/div>\n\t<div class=\"swiper-slide\">\n\t<div class=\"wpcp-single-item\">\n\t\t\t<a class=\"wcp-light-box\" data-buttons='[\"close\"]' data-wpc_url='http:\/\/stamperiamazzetti.it\/wp-content\/uploads\/2020\/11\/5-800x600.jpg' href=\"http:\/\/stamperiamazzetti.it\/wp-content\/uploads\/2020\/11\/5.jpg\" data-fancybox=\"wpcp_view\">\n\t\t<figure>\n\t\t\t<img loading=\"lazy\" decoding=\"async\" class=\"skip-lazy\" src=\"http:\/\/stamperiamazzetti.it\/wp-content\/uploads\/2020\/11\/5-800x600.jpg\" alt=\"5\" width=\"800\" height=\"600\">\t\t<\/figure>\n\t<\/a>\n\t\t<\/div>\n<\/div>\n\t<div class=\"swiper-slide\">\n\t<div class=\"wpcp-single-item\">\n\t\t\t<a class=\"wcp-light-box\" data-buttons='[\"close\"]' data-wpc_url='http:\/\/stamperiamazzetti.it\/wp-content\/uploads\/2020\/11\/6-800x600.jpg' href=\"http:\/\/stamperiamazzetti.it\/wp-content\/uploads\/2020\/11\/6.jpg\" data-fancybox=\"wpcp_view\">\n\t\t<figure>\n\t\t\t<img loading=\"lazy\" decoding=\"async\" class=\"skip-lazy\" src=\"http:\/\/stamperiamazzetti.it\/wp-content\/uploads\/2020\/11\/6-800x600.jpg\" alt=\"6\" width=\"800\" height=\"600\">\t\t<\/figure>\n\t<\/a>\n\t\t<\/div>\n<\/div>\n\t<div class=\"swiper-slide\">\n\t<div class=\"wpcp-single-item\">\n\t\t\t<a class=\"wcp-light-box\" data-buttons='[\"close\"]' data-wpc_url='http:\/\/stamperiamazzetti.it\/wp-content\/uploads\/2020\/11\/10-800x600.jpg' href=\"http:\/\/stamperiamazzetti.it\/wp-content\/uploads\/2020\/11\/10.jpg\" data-fancybox=\"wpcp_view\">\n\t\t<figure>\n\t\t\t<img loading=\"lazy\" decoding=\"async\" class=\"skip-lazy\" src=\"http:\/\/stamperiamazzetti.it\/wp-content\/uploads\/2020\/11\/10-800x600.jpg\" alt=\"10\" width=\"800\" height=\"600\">\t\t<\/figure>\n\t<\/a>\n\t\t<\/div>\n<\/div>\n\t<div class=\"swiper-slide\">\n\t<div class=\"wpcp-single-item\">\n\t\t\t<a class=\"wcp-light-box\" data-buttons='[\"close\"]' data-wpc_url='http:\/\/stamperiamazzetti.it\/wp-content\/uploads\/2020\/11\/8a-800x600.jpg' href=\"http:\/\/stamperiamazzetti.it\/wp-content\/uploads\/2020\/11\/8a.jpg\" data-fancybox=\"wpcp_view\">\n\t\t<figure>\n\t\t\t<img loading=\"lazy\" decoding=\"async\" class=\"skip-lazy\" src=\"http:\/\/stamperiamazzetti.it\/wp-content\/uploads\/2020\/11\/8a-800x600.jpg\" alt=\"8a\" width=\"800\" height=\"600\">\t\t<\/figure>\n\t<\/a>\n\t\t<\/div>\n<\/div>\n\t<div class=\"swiper-slide\">\n\t<div class=\"wpcp-single-item\">\n\t\t\t<a class=\"wcp-light-box\" data-buttons='[\"close\"]' data-wpc_url='http:\/\/stamperiamazzetti.it\/wp-content\/uploads\/2020\/11\/9-800x600.jpg' href=\"http:\/\/stamperiamazzetti.it\/wp-content\/uploads\/2020\/11\/9.jpg\" data-fancybox=\"wpcp_view\">\n\t\t<figure>\n\t\t\t<img loading=\"lazy\" decoding=\"async\" class=\"skip-lazy\" src=\"http:\/\/stamperiamazzetti.it\/wp-content\/uploads\/2020\/11\/9-800x600.jpg\" alt=\"9\" width=\"800\" height=\"600\">\t\t<\/figure>\n\t<\/a>\n\t\t<\/div>\n<\/div>\n\t\t\t<\/div>\n\t\t\t\t<!-- If we need navigation buttons -->\n\t\t\t\t\t<div class=\"wpcp-prev-button swiper-button-prev\"><i class=\"fa fa-angle-left\"><\/i><\/div>\n\t\t\t<div class=\"wpcp-next-button swiper-button-next\"><i class=\"fa fa-angle-right\"><\/i><\/div>\n\t\t\t<\/div>\n\t<\/div>\n<\/div>\n[\/vc_column_text][\/vc_column][\/vc_row]<\/p>\n<\/div>","protected":false},"excerpt":{"rendered":"<p>[vc_row content_width=&#8220;grid&#8220; css=&#8220;.vc_custom_1478188065519{padding-top: 100px !important;padding-bottom: 96px !important;}&#8220;][vc_column offset=&#8220;vc_col-lg-6 vc_col-md-12&#8243;][\/vc_column][vc_column offset=&#8220;vc_col-lg-6 vc_col-md-12&#8243;][\/vc_column][\/vc_row][vc_row content_width=&#8220;grid&#8220; content_aligment=&#8220;center&#8220; css=&#8220;.vc_custom_1478090801663{padding-top: 85px !important;padding-bottom: 67px !important;background-color: #f5f5f5 !important;}&#8220;][vc_column][\/vc_column][\/vc_row][vc_row][vc_column][vc_column_text][\/vc_column_text][\/vc_column][\/vc_row]<\/p>\n","protected":false},"author":1,"featured_media":0,"parent":0,"menu_order":0,"comment_status":"closed","ping_status":"closed","template":"full-width.php","meta":{"footnotes":""},"class_list":["post-11697","page","type-page","status-publish","hentry"],"yoast_head":"<!-- This site is optimized with the Yoast SEO plugin v27.2 - https:\/\/yoast.com\/product\/yoast-seo-wordpress\/ -->\n<title>PRODUKTION - Stamperia Mazzetti<\/title>\n<meta name=\"robots\" content=\"index, follow, max-snippet:-1, max-image-preview:large, max-video-preview:-1\" \/>\n<link rel=\"canonical\" href=\"http:\/\/stamperiamazzetti.it\/de\/produktion\/\" \/>\n<meta property=\"og:locale\" content=\"de_DE\" \/>\n<meta property=\"og:type\" content=\"article\" \/>\n<meta property=\"og:title\" content=\"PRODUKTION - Stamperia Mazzetti\" \/>\n<meta property=\"og:description\" content=\"[vc_row content_width=&#8220;grid&#8220; css=&#8220;.vc_custom_1478188065519{padding-top: 100px !important;padding-bottom: 96px !important;}&#8220;][vc_column offset=&#8220;vc_col-lg-6 vc_col-md-12&#8243;][\/vc_column][vc_column offset=&#8220;vc_col-lg-6 vc_col-md-12&#8243;][\/vc_column][\/vc_row][vc_row content_width=&#8220;grid&#8220; content_aligment=&#8220;center&#8220; css=&#8220;.vc_custom_1478090801663{padding-top: 85px !important;padding-bottom: 67px !important;background-color: #f5f5f5 !important;}&#8220;][vc_column][\/vc_column][\/vc_row][vc_row][vc_column][vc_column_text][\/vc_column_text][\/vc_column][\/vc_row]\" \/>\n<meta property=\"og:url\" content=\"http:\/\/stamperiamazzetti.it\/de\/produktion\/\" \/>\n<meta property=\"og:site_name\" content=\"Stamperia Mazzetti\" \/>\n<meta property=\"article:modified_time\" content=\"2025-02-03T14:44:07+00:00\" \/>\n<meta name=\"twitter:card\" content=\"summary_large_image\" \/>\n<meta name=\"twitter:label1\" content=\"Gesch\u00e4tzte Lesezeit\" \/>\n\t<meta name=\"twitter:data1\" content=\"2\u00a0Minuten\" \/>\n<script type=\"application\/ld+json\" class=\"yoast-schema-graph\">{\"@context\":\"https:\/\/schema.org\",\"@graph\":[{\"@type\":\"WebPage\",\"@id\":\"http:\/\/stamperiamazzetti.it\/de\/produktion\/\",\"url\":\"http:\/\/stamperiamazzetti.it\/de\/produktion\/\",\"name\":\"PRODUKTION - Stamperia Mazzetti\",\"isPartOf\":{\"@id\":\"https:\/\/stamperiamazzetti.it\/de\/#website\"},\"datePublished\":\"2016-11-04T11:45:04+00:00\",\"dateModified\":\"2025-02-03T14:44:07+00:00\",\"breadcrumb\":{\"@id\":\"http:\/\/stamperiamazzetti.it\/de\/produktion\/#breadcrumb\"},\"inLanguage\":\"de\",\"potentialAction\":[{\"@type\":\"ReadAction\",\"target\":[\"http:\/\/stamperiamazzetti.it\/de\/produktion\/\"]}]},{\"@type\":\"BreadcrumbList\",\"@id\":\"http:\/\/stamperiamazzetti.it\/de\/produktion\/#breadcrumb\",\"itemListElement\":[{\"@type\":\"ListItem\",\"position\":1,\"name\":\"Home\",\"item\":\"https:\/\/stamperiamazzetti.it\/de\/home\/\"},{\"@type\":\"ListItem\",\"position\":2,\"name\":\"PRODUKTION\"}]},{\"@type\":\"WebSite\",\"@id\":\"https:\/\/stamperiamazzetti.it\/de\/#website\",\"url\":\"https:\/\/stamperiamazzetti.it\/de\/\",\"name\":\"Stamperia Mazzetti\",\"description\":\"Specializzati in stampaggio a caldo dell\u2019acciaio\",\"publisher\":{\"@id\":\"https:\/\/stamperiamazzetti.it\/de\/#organization\"},\"potentialAction\":[{\"@type\":\"SearchAction\",\"target\":{\"@type\":\"EntryPoint\",\"urlTemplate\":\"https:\/\/stamperiamazzetti.it\/de\/?s={search_term_string}\"},\"query-input\":{\"@type\":\"PropertyValueSpecification\",\"valueRequired\":true,\"valueName\":\"search_term_string\"}}],\"inLanguage\":\"de\"},{\"@type\":\"Organization\",\"@id\":\"https:\/\/stamperiamazzetti.it\/de\/#organization\",\"name\":\"Stamperia Mazzetti\",\"url\":\"https:\/\/stamperiamazzetti.it\/de\/\",\"logo\":{\"@type\":\"ImageObject\",\"inLanguage\":\"de\",\"@id\":\"https:\/\/stamperiamazzetti.it\/de\/#\/schema\/logo\/image\/\",\"url\":\"https:\/\/stamperiamazzetti.it\/wp-content\/uploads\/2020\/11\/STAMPERIA-MAZZETTI-2.png\",\"contentUrl\":\"https:\/\/stamperiamazzetti.it\/wp-content\/uploads\/2020\/11\/STAMPERIA-MAZZETTI-2.png\",\"width\":529,\"height\":135,\"caption\":\"Stamperia Mazzetti\"},\"image\":{\"@id\":\"https:\/\/stamperiamazzetti.it\/de\/#\/schema\/logo\/image\/\"}}]}<\/script>\n<!-- \/ Yoast SEO plugin. -->","yoast_head_json":{"title":"PRODUKTION - Stamperia Mazzetti","robots":{"index":"index","follow":"follow","max-snippet":"max-snippet:-1","max-image-preview":"max-image-preview:large","max-video-preview":"max-video-preview:-1"},"canonical":"http:\/\/stamperiamazzetti.it\/de\/produktion\/","og_locale":"de_DE","og_type":"article","og_title":"PRODUKTION - Stamperia Mazzetti","og_description":"[vc_row content_width=&#8220;grid&#8220; css=&#8220;.vc_custom_1478188065519{padding-top: 100px !important;padding-bottom: 96px !important;}&#8220;][vc_column offset=&#8220;vc_col-lg-6 vc_col-md-12&#8243;][\/vc_column][vc_column offset=&#8220;vc_col-lg-6 vc_col-md-12&#8243;][\/vc_column][\/vc_row][vc_row content_width=&#8220;grid&#8220; content_aligment=&#8220;center&#8220; css=&#8220;.vc_custom_1478090801663{padding-top: 85px !important;padding-bottom: 67px !important;background-color: #f5f5f5 !important;}&#8220;][vc_column][\/vc_column][\/vc_row][vc_row][vc_column][vc_column_text][\/vc_column_text][\/vc_column][\/vc_row]","og_url":"http:\/\/stamperiamazzetti.it\/de\/produktion\/","og_site_name":"Stamperia Mazzetti","article_modified_time":"2025-02-03T14:44:07+00:00","twitter_card":"summary_large_image","twitter_misc":{"Gesch\u00e4tzte Lesezeit":"2\u00a0Minuten"},"schema":{"@context":"https:\/\/schema.org","@graph":[{"@type":"WebPage","@id":"http:\/\/stamperiamazzetti.it\/de\/produktion\/","url":"http:\/\/stamperiamazzetti.it\/de\/produktion\/","name":"PRODUKTION - Stamperia Mazzetti","isPartOf":{"@id":"https:\/\/stamperiamazzetti.it\/de\/#website"},"datePublished":"2016-11-04T11:45:04+00:00","dateModified":"2025-02-03T14:44:07+00:00","breadcrumb":{"@id":"http:\/\/stamperiamazzetti.it\/de\/produktion\/#breadcrumb"},"inLanguage":"de","potentialAction":[{"@type":"ReadAction","target":["http:\/\/stamperiamazzetti.it\/de\/produktion\/"]}]},{"@type":"BreadcrumbList","@id":"http:\/\/stamperiamazzetti.it\/de\/produktion\/#breadcrumb","itemListElement":[{"@type":"ListItem","position":1,"name":"Home","item":"https:\/\/stamperiamazzetti.it\/de\/home\/"},{"@type":"ListItem","position":2,"name":"PRODUKTION"}]},{"@type":"WebSite","@id":"https:\/\/stamperiamazzetti.it\/de\/#website","url":"https:\/\/stamperiamazzetti.it\/de\/","name":"Stamperia Mazzetti","description":"Specializzati in stampaggio a caldo dell\u2019acciaio","publisher":{"@id":"https:\/\/stamperiamazzetti.it\/de\/#organization"},"potentialAction":[{"@type":"SearchAction","target":{"@type":"EntryPoint","urlTemplate":"https:\/\/stamperiamazzetti.it\/de\/?s={search_term_string}"},"query-input":{"@type":"PropertyValueSpecification","valueRequired":true,"valueName":"search_term_string"}}],"inLanguage":"de"},{"@type":"Organization","@id":"https:\/\/stamperiamazzetti.it\/de\/#organization","name":"Stamperia Mazzetti","url":"https:\/\/stamperiamazzetti.it\/de\/","logo":{"@type":"ImageObject","inLanguage":"de","@id":"https:\/\/stamperiamazzetti.it\/de\/#\/schema\/logo\/image\/","url":"https:\/\/stamperiamazzetti.it\/wp-content\/uploads\/2020\/11\/STAMPERIA-MAZZETTI-2.png","contentUrl":"https:\/\/stamperiamazzetti.it\/wp-content\/uploads\/2020\/11\/STAMPERIA-MAZZETTI-2.png","width":529,"height":135,"caption":"Stamperia Mazzetti"},"image":{"@id":"https:\/\/stamperiamazzetti.it\/de\/#\/schema\/logo\/image\/"}}]}},"_links":{"self":[{"href":"http:\/\/stamperiamazzetti.it\/de\/wp-json\/wp\/v2\/pages\/11697","targetHints":{"allow":["GET"]}}],"collection":[{"href":"http:\/\/stamperiamazzetti.it\/de\/wp-json\/wp\/v2\/pages"}],"about":[{"href":"http:\/\/stamperiamazzetti.it\/de\/wp-json\/wp\/v2\/types\/page"}],"author":[{"embeddable":true,"href":"http:\/\/stamperiamazzetti.it\/de\/wp-json\/wp\/v2\/users\/1"}],"replies":[{"embeddable":true,"href":"http:\/\/stamperiamazzetti.it\/de\/wp-json\/wp\/v2\/comments?post=11697"}],"version-history":[{"count":8,"href":"http:\/\/stamperiamazzetti.it\/de\/wp-json\/wp\/v2\/pages\/11697\/revisions"}],"predecessor-version":[{"id":11740,"href":"http:\/\/stamperiamazzetti.it\/de\/wp-json\/wp\/v2\/pages\/11697\/revisions\/11740"}],"wp:attachment":[{"href":"http:\/\/stamperiamazzetti.it\/de\/wp-json\/wp\/v2\/media?parent=11697"}],"curies":[{"name":"wp","href":"https:\/\/api.w.org\/{rel}","templated":true}]}}